{"id":5,"date":"2015-11-02T15:03:34","date_gmt":"2015-11-02T15:03:34","guid":{"rendered":"http:\/\/demos.artbees.net\/jupiter5\/taygete\/?page_id=5"},"modified":"2024-08-06T18:23:59","modified_gmt":"2024-08-06T18:23:59","slug":"home","status":"publish","type":"page","link":"https:\/\/prevesa.co\/","title":{"rendered":"Home"},"content":{"rendered":"<div class=\"wpb-content-wrapper\">[mk_page_section bg_position=\u00bbcenter center\u00bb bg_stretch=\u00bbtrue\u00bb bg_video=\u00bbyes\u00bb video_source=\u00bbsocial\u00bb stream_video_id=\u00bbhttps:\/\/youtu.be\/pxH3FnRcuFo\u00bb video_loop=\u00bbfalse\u00bb min_height=\u00bb0&#8243; full_width=\u00bbtrue\u00bb full_height=\u00bbtrue\u00bb padding_top=\u00bb0&#8243; padding_bottom=\u00bb0&#8243; visibility=\u00bbhidden-sm\u00bb sidebar=\u00bbsidebar-1&#8243;][vc_column blend_mode=\u00bbscreen\u00bb][vc_video max_width=\u00bb2000&#8243; link=\u00bbhttps:\/\/youtu.be\/pxH3FnRcuFo\u00bb autoplay=\u00bbtrue\u00bb loop=\u00bbtrue\u00bb hide_controls=\u00bbtrue\u00bb][\/vc_column][\/mk_page_section][mk_page_section bg_color=\u00bb#ffffff\u00bb border_color=\u00bb#ffffff\u00bb bg_position=\u00bbcenter center\u00bb bg_repeat=\u00bbno-repeat\u00bb speed_factor=\u00bb3&#8243; video_color_mask=\u00bb#ffffff\u00bb min_height=\u00bb0&#8243; padding_top=\u00bb0&#8243; padding_bottom=\u00bb0&#8243; bottom_shape_bg_color=\u00bb#ffffff\u00bb visibility=\u00bbhidden-sm\u00bb sidebar=\u00bbsidebar-1&#8243;][vc_column width=\u00bb1\/3&#8243;][mk_button corner_style=\u00bbrounded\u00bb size=\u00bblarge\u00bb bg_color=\u00bb#99bf11&#8243;]COTIZAR CONCRETO[\/mk_button][\/vc_column][vc_column width=\u00bb1\/3&#8243;][mk_button size=\u00bblarge\u00bb bg_color=\u00bb#99bf11&#8243;]CONTACTAR ASESOR[\/mk_button][\/vc_column][vc_column width=\u00bb1\/3&#8243;][mk_button size=\u00bblarge\u00bb bg_color=\u00bb#99bf11&#8243;]CONTACTAR ASESOR[\/mk_button][\/vc_column][\/mk_page_section][vc_row][vc_column width=\u00bb1\/2&#8243;][mk_padding_divider size=\u00bb120&#8243; visibility=\u00bbhidden-sm\u00bb][mk_padding_divider size=\u00bb60&#8243; visibility=\u00bbvisible-sm\u00bb][mk_fancy_title color=\u00bb#003164&#8243; size=\u00bb48&#8243; font_weight=\u00bbbold\u00bb txt_transform=\u00bbnone\u00bb margin_bottom=\u00bb0&#8243; font_family=\u00bbUbuntu\u00bb font_type=\u00bbgoogle\u00bb]27 a\u00f1os construyendo a Colombia de la mano[\/mk_fancy_title][mk_custom_list style=\u00bbf138&#8243;]\n<ul>\n<li>\n<h5>Prevesa Concretos es una empresa l\u00edder en la producci\u00f3n y distribuci\u00f3n de concreto de alta calidad, con m\u00e1s de 25 a\u00f1os de experiencia en el mercado. Ubicada estrat\u00e9gicamente en el \u00e1rea metropolitana de Bucaramanga y con operaciones en el Eje Cafetero, nuestra planta en Gir\u00f3n, Santander, cuenta con una capacidad instalada para producir 100 metros c\u00fabicos por hora y una flota operativa de 22 veh\u00edculos mixer. Como parte de un s\u00f3lido grupo empresarial, nos comprometemos a impulsar el desarrollo y crecimiento regional, proporcionando soluciones confiables y duraderas para las obras de construcci\u00f3n, respaldadas por la experiencia y dedicaci\u00f3n de m\u00e1s de 150 empleados.<\/h5>\n<\/li>\n<\/ul>\n[\/mk_custom_list][mk_fancy_title color=\u00bb#003164&#8243; size=\u00bb24&#8243; font_weight=\u00bbbold\u00bb txt_transform=\u00bbcapitalize\u00bb margin_top=\u00bb60&#8243; margin_bottom=\u00bb0&#8243; font_family=\u00bbUbuntu\u00bb font_type=\u00bbgoogle\u00bb][\/mk_fancy_title][\/vc_column][vc_column width=\u00bb1\/2&#8243;][mk_padding_divider size=\u00bb30&#8243;][mk_image src=\u00bbhttps:\/\/prevesa.co\/wp-content\/uploads\/2024\/07\/prevesa-concretos.png\u00bb image_width=\u00bb630&#8243; image_height=\u00bb796&#8243; margin_bottom=\u00bb0&#8243;][\/vc_column][\/vc_row][mk_page_section bg_color=\u00bb#003164&#8243; bg_repeat=\u00bbno-repeat\u00bb bg_stretch=\u00bbtrue\u00bb min_height=\u00bb0&#8243; padding_top=\u00bb0&#8243; padding_bottom=\u00bb0&#8243; sidebar=\u00bbsidebar-1&#8243;][vc_column][mk_padding_divider size=\u00bb76&#8243;][vc_single_image image=\u00bb634&#8243; img_size=\u00bbfull\u00bb alignment=\u00bbcenter\u00bb][\/vc_column][\/mk_page_section][vc_row][vc_column][mk_padding_divider size=\u00bb120&#8243;][mk_fancy_title color=\u00bb#aaaaaa\u00bb size=\u00bb16&#8243; txt_transform=\u00bbuppercase\u00bb letter_spacing=\u00bb4&#8243; margin_bottom=\u00bb0&#8243; font_family=\u00bbUbuntu\u00bb font_type=\u00bbgoogle\u00bb align=\u00bbcenter\u00bb]ESTAMOS ORGULLOSOS DE NUESTROS[\/mk_fancy_title][mk_fancy_title color=\u00bb#003164&#8243; size=\u00bb30&#8243; txt_transform=\u00bbuppercase\u00bb letter_spacing=\u00bb2&#8243; margin_bottom=\u00bb0&#8243; font_family=\u00bbUbuntu\u00bb font_type=\u00bbgoogle\u00bb align=\u00bbcenter\u00bb]PRODUCTOS Y SERVICIOS[\/mk_fancy_title][mk_divider style=\u00bbthin_solid\u00bb divider_width=\u00bbcustom_width\u00bb custom_width=\u00bb60&#8243; thin_single_color=\u00bb#9bb642&#8243; thickness=\u00bb3&#8243; margin_top=\u00bb0&#8243; margin_bottom=\u00bb60&#8243;][\/vc_column][\/vc_row][vc_row][vc_column width=\u00bb1\/3&#8243;][mk_flipbox front_background_color=\u00bb#f0f4f5&#8243; back_background_color=\u00bb#003164&#8243; icon_type=\u00bbicon\u00bb icon=\u00bbmk-icon-building-o\u00bb icon_size=\u00bb64&#8243; icon_color=\u00bb#9bb642&#8243; front_title=\u00bbCONCRETOS\u00bb front_title_size=\u00bb24&#8243; front_title_color=\u00bb#003164&#8243; back_title=\u00bbCatalogo\u00bb back_title_size=\u00bb24&#8243; back_title_color=\u00bb#ffffff\u00bb font_weight=\u00bbbold\u00bb front_desc=\u00bbConoce nuestro portafolio de concretos con su respectivos usos y fichas t\u00e9cnicas\u00bb front_desc_size=\u00bb14&#8243; front_desc_color=\u00bb#aaaaaa\u00bb button_url=\u00bb#\u00bb button_text=\u00bbVer\u00bb button_bg_color=\u00bb#fdc502&#8243; button_bg_hover_color=\u00bb#fcd032&#8243; button_text_skin=\u00bbdark\u00bb][\/vc_column][vc_column width=\u00bb1\/3&#8243;][mk_flipbox front_background_color=\u00bb#f0f4f5&#8243; back_background_color=\u00bb#003164&#8243; icon_type=\u00bbicon\u00bb icon=\u00bbmk-icon-cubes\u00bb icon_size=\u00bb64&#8243; icon_color=\u00bb#9bb642&#8243; front_title=\u00bbAGREGADOS\u00bb front_title_size=\u00bb24&#8243; front_title_color=\u00bb#003164&#8243; back_title=\u00bbCatalogo\u00bb back_title_size=\u00bb24&#8243; back_title_color=\u00bb#ffffff\u00bb font_weight=\u00bbbold\u00bb front_desc=\u00bbConoce nuestro portafolio de agregados con su respectivos usos y fichas t\u00e9cnicas\u00bb front_desc_size=\u00bb14&#8243; front_desc_color=\u00bb#aaaaaa\u00bb button_url=\u00bb#\u00bb button_text=\u00bbVer\u00bb button_bg_color=\u00bb#fdc502&#8243; button_bg_hover_color=\u00bb#fcd032&#8243; button_text_skin=\u00bbdark\u00bb][\/vc_column][vc_column width=\u00bb1\/3&#8243;][mk_flipbox front_background_color=\u00bb#f0f4f5&#8243; back_background_color=\u00bb#003164&#8243; icon_type=\u00bbicon\u00bb icon=\u00bbmk-icon-bus\u00bb icon_size=\u00bb64&#8243; icon_color=\u00bb#9bb642&#8243; front_title=\u00bbTRANSPORTE\u00bb front_title_size=\u00bb24&#8243; front_title_color=\u00bb#003164&#8243; back_title=\u00bbCatalogo\u00bb back_title_size=\u00bb24&#8243; back_title_color=\u00bb#ffffff\u00bb font_weight=\u00bbbold\u00bb front_desc=\u00bbConoce nuestra flota de transporte de materiales\u00bb front_desc_size=\u00bb14&#8243; front_desc_color=\u00bb#aaaaaa\u00bb button_url=\u00bb#\u00bb button_text=\u00bbVer\u00bb button_bg_color=\u00bb#fdc502&#8243; button_bg_hover_color=\u00bb#fcd032&#8243; button_text_skin=\u00bbdark\u00bb][\/vc_column][\/vc_row][mk_page_section bg_color=\u00bb#003164&#8243; min_height=\u00bb0&#8243; padding_top=\u00bb120&#8243; padding_bottom=\u00bb120&#8243; sidebar=\u00bbsidebar-1&#8243;][vc_column][mk_fancy_title color=\u00bb#ffffff\u00bb size=\u00bb30&#8243; txt_transform=\u00bbuppercase\u00bb letter_spacing=\u00bb2&#8243; margin_bottom=\u00bb0&#8243; font_family=\u00bbUbuntu\u00bb font_type=\u00bbgoogle\u00bb align=\u00bbcenter\u00bb]SOBRE NOSOTROS[\/mk_fancy_title][mk_divider style=\u00bbthin_solid\u00bb divider_width=\u00bbcustom_width\u00bb custom_width=\u00bb60&#8243; thin_single_color=\u00bb#fdc502&#8243; thickness=\u00bb3&#8243; margin_top=\u00bb0&#8243; margin_bottom=\u00bb60&#8243;][vc_row_inner][vc_column_inner width=\u00bb1\/3&#8243;][mk_fancy_title color=\u00bb#ffffff\u00bb size=\u00bb48&#8243; font_weight=\u00bbbold\u00bb txt_transform=\u00bbcapitalize\u00bb margin_bottom=\u00bb0&#8243; font_family=\u00bbUbuntu\u00bb font_type=\u00bbgoogle\u00bb]CALIDAD Y SERVICIO[\/mk_fancy_title][mk_button dimension=\u00bbflat\u00bb corner_style=\u00bbrounded\u00bb size=\u00bbmedium\u00bb margin_top=\u00bb10&#8243; margin_bottom=\u00bb0&#8243; animation=\u00bbflip-y\u00bb btn_hover_bg=\u00bb#fdc502&#8243; text_color=\u00bbdark\u00bb btn_hover_txt_color=\u00bb#003164&#8243;]Ver M\u00e1s[\/mk_button][mk_padding_divider size=\u00bb80&#8243; visibility=\u00bbvisible-sm\u00bb][\/vc_column_inner][vc_column_inner width=\u00bb1\/3&#8243;][mk_icon_box icon=\u00bbmk-li-posion\u00bb title=\u00bbLaboratorio de Calidad\u00bb text_size=\u00bb24&#8243; font_weight=\u00bbbold\u00bb icon_size=\u00bblarge\u00bb icon_circle_color=\u00bb\u00bb title_color=\u00bb#ffffff\u00bb txt_color=\u00bb#aaaaaa\u00bb]La empresa cuenta con un amplio equipo de laboratorio de concreto a disposici\u00f3n del constructor, el servicio de prensa calibrada para fallo de cilindros, bajo la supervisi\u00f3n t\u00e9cnica del ingeniero de control de calidad y personal de laboratorio.[\/mk_icon_box][mk_icon_box icon=\u00bbmk-moon-clipboard-2&#8243; title=\u00bbAcompa\u00f1amiento\u00bb text_size=\u00bb24&#8243; font_weight=\u00bbbold\u00bb icon_size=\u00bblarge\u00bb icon_circle_color=\u00bb\u00bb title_color=\u00bb#ffffff\u00bb txt_color=\u00bb#aaaaaa\u00bb]Brindamos\u00a0 acompa\u00f1amiento durante la obra para orientar y guiar a su personal, transformando los problemas en soluciones, con el prop\u00f3sito de elevar sus niveles de eficiencia y optimizar el uso de todos los recursos.[\/mk_icon_box][\/vc_column_inner][vc_column_inner width=\u00bb1\/3&#8243;][mk_icon_box icon=\u00bbmk-icon-check\u00bb title=\u00bbAsesor\u00eda T\u00e9cnica\u00bb text_size=\u00bb24&#8243; font_weight=\u00bbbold\u00bb icon_size=\u00bblarge\u00bb icon_circle_color=\u00bb\u00bb title_color=\u00bb#ffffff\u00bb txt_color=\u00bb#aaaaaa\u00bb]Contamos con personal t\u00e9cnico capacitado para ayudarle a evaluar el dise\u00f1o optimo de sus productos, seleccionando los materiales mas adecuados de acuerdo a su procedimiento constructivo[\/mk_icon_box][mk_icon_box icon=\u00bbmk-moon-align-left\u00bb title=\u00bbExperiencia\u00bb text_size=\u00bb24&#8243; font_weight=\u00bbbold\u00bb icon_size=\u00bblarge\u00bb icon_circle_color=\u00bb\u00bb title_color=\u00bb#ffffff\u00bb txt_color=\u00bb#aaaaaa\u00bb]Fortalecemos\u00a0 continuamente el posicionamiento de la imagen corporativa de PREVESA S.A.S en el sector de la construcci\u00f3n e infraestructura, por la alta calidad de sus procesos y servicios.[\/mk_icon_box][\/vc_column_inner][\/vc_row_inner][\/vc_column][\/mk_page_section][mk_page_section bg_image=\u00bbhttps:\/\/prevesa.co\/wp-content\/uploads\/2021\/02\/banner-contactenos2.jpg\u00bb bg_color=\u00bbrgba(10,10,10,0.99)\u00bb attachment=\u00bbfixed\u00bb bg_repeat=\u00bbno-repeat\u00bb min_height=\u00bb0&#8243; padding_top=\u00bb120&#8243; padding_bottom=\u00bb100&#8243; sidebar=\u00bbsidebar-1&#8243;][vc_column][mk_fancy_title color=\u00bb#ffffff\u00bb size=\u00bb16&#8243; txt_transform=\u00bbuppercase\u00bb letter_spacing=\u00bb4&#8243; margin_bottom=\u00bb0&#8243; font_family=\u00bbUbuntu\u00bb font_type=\u00bbgoogle\u00bb align=\u00bbcenter\u00bb]CONSTRUIMOS<\/p>\n<div id=\"gtx-trans\" style=\"position: absolute; left: 115px; top: 38px;\">\n<div class=\"gtx-trans-icon\"><\/div>\n<\/div>\n[\/mk_fancy_title][mk_fancy_title color=\u00bb#003164&#8243; size=\u00bb30&#8243; force_font_size=\u00bbtrue\u00bb size_phone=\u00bb25&#8243; txt_transform=\u00bbuppercase\u00bb letter_spacing=\u00bb2&#8243; margin_bottom=\u00bb0&#8243; font_family=\u00bbUbuntu\u00bb font_type=\u00bbgoogle\u00bb align=\u00bbcenter\u00bb drop_shadow=\u00bbtrue\u00bb]\n<h2><strong>PROYECTOS APROBADOS<\/strong><\/h2>\n[\/mk_fancy_title][mk_divider style=\u00bbthin_solid\u00bb divider_width=\u00bbcustom_width\u00bb custom_width=\u00bb60&#8243; thin_single_color=\u00bb#fdc502&#8243; thickness=\u00bb3&#8243; margin_top=\u00bb0&#8243; margin_bottom=\u00bb60&#8243;][mk_testimonials skin=\u00bblight\u00bb count=\u00bb3&#8243; animation_speed=\u00bb400&#8243; slideshow_speed=\u00bb4000&#8243;][\/vc_column][\/mk_page_section][vc_row][vc_column][mk_padding_divider size=\u00bb120&#8243;][mk_fancy_title color=\u00bb#aaaaaa\u00bb size=\u00bb16&#8243; txt_transform=\u00bbuppercase\u00bb letter_spacing=\u00bb4&#8243; margin_bottom=\u00bb0&#8243; font_family=\u00bbUbuntu\u00bb font_type=\u00bbgoogle\u00bb align=\u00bbcenter\u00bb]ALGUNOS DE NUESTROS[\/mk_fancy_title][mk_fancy_title color=\u00bb#003164&#8243; size=\u00bb30&#8243; txt_transform=\u00bbuppercase\u00bb letter_spacing=\u00bb2&#8243; margin_bottom=\u00bb0&#8243; font_family=\u00bbUbuntu\u00bb font_type=\u00bbgoogle\u00bb align=\u00bbcenter\u00bb]PROYECTOS[\/mk_fancy_title][mk_divider style=\u00bbthin_solid\u00bb divider_width=\u00bbcustom_width\u00bb custom_width=\u00bb60&#8243; thin_single_color=\u00bb#fdc502&#8243; thickness=\u00bb3&#8243; margin_top=\u00bb0&#8243; margin_bottom=\u00bb40&#8243;][\/vc_column][\/vc_row][vc_row fullwidth=\u00bbtrue\u00bb css=\u00bb.vc_custom_1446630945299{padding-top: 0px !important;padding-right: 0px !important;padding-bottom: 0px !important;padding-left: 0px !important;}\u00bb][vc_column][mk_portfolio style=\u00bbgrid\u00bb hover_scenarios=\u00bbzoomin\u00bb grid_spacing=\u00bb28&#8243; height=\u00bb200&#8243; count=\u00bb6&#8243; sortable_align=\u00bbcenter\u00bb pagination=\u00bbfalse\u00bb image_quality=\u00bb2&#8243; item_id=\u00bb1446630882-5639d5e222256&#8243;][\/vc_column][\/vc_row][vc_row][vc_column][mk_padding_divider size=\u00bb120&#8243;][mk_fancy_title color=\u00bb#aaaaaa\u00bb size=\u00bb16&#8243; txt_transform=\u00bbuppercase\u00bb letter_spacing=\u00bb4&#8243; margin_bottom=\u00bb0&#8243; font_family=\u00bbUbuntu\u00bb font_type=\u00bbgoogle\u00bb align=\u00bbcenter\u00bb]ALGUNOS DE NUESTROS[\/mk_fancy_title][mk_fancy_title color=\u00bb#003164&#8243; size=\u00bb30&#8243; txt_transform=\u00bbuppercase\u00bb letter_spacing=\u00bb2&#8243; margin_bottom=\u00bb0&#8243; font_family=\u00bbUbuntu\u00bb font_type=\u00bbgoogle\u00bb align=\u00bbcenter\u00bb]CLIENTES[\/mk_fancy_title][mk_divider style=\u00bbthin_solid\u00bb divider_width=\u00bbcustom_width\u00bb custom_width=\u00bb60&#8243; thin_single_color=\u00bb#fdc502&#8243; thickness=\u00bb3&#8243; margin_top=\u00bb0&#8243; margin_bottom=\u00bb60&#8243;][mk_clients style=\u00bbcolumn\u00bb column=\u00bb4&#8243; count=\u00bb8&#8243; bg_hover_color=\u00bb#eaeaea\u00bb border_color=\u00bb#eeeeee\u00bb height=\u00bb130&#8243;][mk_padding_divider size=\u00bb130&#8243; visibility=\u00bbhidden-sm\u00bb][mk_padding_divider size=\u00bb60&#8243; visibility=\u00bbvisible-sm\u00bb][\/vc_column][\/vc_row][mk_page_section bg_image=\u00bbhttp:\/\/demos.artbees.net\/jupiter5\/taygete\/wp-content\/uploads\/sites\/58\/2015\/11\/call-action-bg.jpg\u00bb bg_repeat=\u00bbno-repeat\u00bb bg_stretch=\u00bbtrue\u00bb video_color_mask=\u00bb#e5e5e5&#8243; sidebar=\u00bbsidebar-1&#8243;][vc_column width=\u00bb2\/3&#8243;][vc_gmaps link=\u00bb#E-8_JTNDaWZyYW1lJTIwc3JjJTNEJTIyaHR0cHMlM0ElMkYlMkZ3d3cuZ29vZ2xlLmNvbSUyRm1hcHMlMkZlbWJlZCUzRnBiJTNEJTIxMW0xOCUyMTFtMTIlMjExbTMlMjExZDQwMDUuOTI1NzU0MzcyMjQ3JTIxMmQtNzMuMTQwMjE1MyUyMTNkNy4wNjQ5Mzc4JTIxMm0zJTIxMWYwJTIxMmYwJTIxM2YwJTIxM20yJTIxMWkxMDI0JTIxMmk3NjglMjE0ZjEzLjElMjEzbTMlMjExbTIlMjExczB4OGU2ODNlZTNlYzI4OTEzZCUyNTNBMHhiZDVjNTZiMGUyYTUxNjcyJTIxMnNQcmV2ZXNhJTI1MjBDb25jcmV0b3MlMjE1ZTElMjEzbTIlMjExc2VzJTIxMnNjbyUyMTR2MTcyMjk2ODUxOTUwMiUyMTVtMiUyMTFzZXMlMjEyc2NvJTIyJTIwd2lkdGglM0QlMjI2MDAlMjIlMjBoZWlnaHQlM0QlMjI0NTAlMjIlMjBzdHlsZSUzRCUyMmJvcmRlciUzQTAlM0IlMjIlMjBhbGxvd2Z1bGxzY3JlZW4lM0QlMjIlMjIlMjBsb2FkaW5nJTNEJTIybGF6eSUyMiUyMHJlZmVycmVycG9saWN5JTNEJTIybm8tcmVmZXJyZXItd2hlbi1kb3duZ3JhZGUlMjIlM0UlM0MlMkZpZnJhbWUlM0U=\u00bb css=\u00bb\u00bb][mk_fancy_title color=\u00bb#ffffff\u00bb size=\u00bb36&#8243; force_font_size=\u00bbtrue\u00bb size_phone=\u00bb30&#8243; txt_transform=\u00bbnone\u00bb margin_top=\u00bb40&#8243; margin_bottom=\u00bb0&#8243; font_family=\u00bbnone\u00bb]Crecemos de la mano de nuestra gente[\/mk_fancy_title][mk_fancy_title color=\u00bb#ffffff\u00bb size=\u00bb16&#8243; txt_transform=\u00bbnone\u00bb font_family=\u00bbnone\u00bb]Contacta a nuestros profesionales t\u00e9cnicos[\/mk_fancy_title][\/vc_column][vc_column width=\u00bb1\/3&#8243;][mk_padding_divider size=\u00bb60&#8243; visibility=\u00bbhidden-sm\u00bb][mk_button dimension=\u00bbflat\u00bb corner_style=\u00bbrounded\u00bb size=\u00bbmedium\u00bb url=\u00bbhttps:\/\/web.whatsapp.com\/send?phone=573125267907&#8243; animation=\u00bbflip-y\u00bb bg_color=\u00bb#003164&#8243; btn_hover_bg=\u00bb#ffffff\u00bb btn_hover_txt_color=\u00bb#003164&#8243;]CONTACTAR ASESOR[\/mk_button][\/vc_column][\/mk_page_section][vc_row][vc_column][\/vc_column][\/vc_row]\n<\/div>","protected":false},"excerpt":{"rendered":"<p>[mk_page_section bg_position=\u00bbcenter center\u00bb bg_stretch=\u00bbtrue\u00bb bg_video=\u00bbyes\u00bb video_source=\u00bbsocial\u00bb stream_video_id=\u00bbhttps:\/\/youtu.be\/pxH3FnRcuFo\u00bb video_loop=\u00bbfalse\u00bb min_height=\u00bb0&#8243; full_width=\u00bbtrue\u00bb full_height=\u00bbtrue\u00bb padding_top=\u00bb0&#8243; padding_bottom=\u00bb0&#8243; visibility=\u00bbhidden-sm\u00bb sidebar=\u00bbsidebar-1&#8243;][vc_column blend_mode=\u00bbscreen\u00bb][vc_video max_width=\u00bb2000&#8243; link=\u00bbhttps:\/\/youtu.be\/pxH3FnRcuFo\u00bb autoplay=\u00bbtrue\u00bb loop=\u00bbtrue\u00bb hide_controls=\u00bbtrue\u00bb][\/vc_column][\/mk_page_section][mk_page_section bg_color=\u00bb#ffffff\u00bb border_color=\u00bb#ffffff\u00bb bg_position=\u00bbcenter center\u00bb bg_repeat=\u00bbno-repeat\u00bb speed_factor=\u00bb3&#8243; video_color_mask=\u00bb#ffffff\u00bb min_height=\u00bb0&#8243; padding_top=\u00bb0&#8243; padding_bottom=\u00bb0&#8243; bottom_shape_bg_color=\u00bb#ffffff\u00bb visibility=\u00bbhidden-sm\u00bb sidebar=\u00bbsidebar-1&#8243;][vc_column width=\u00bb1\/3&#8243;][mk_button corner_style=\u00bbrounded\u00bb size=\u00bblarge\u00bb bg_color=\u00bb#99bf11&#8243;]COTIZAR CONCRETO[\/mk_button][\/vc_column][vc_column width=\u00bb1\/3&#8243;][mk_button size=\u00bblarge\u00bb bg_color=\u00bb#99bf11&#8243;]CONTACTAR ASESOR[\/mk_button][\/vc_column][vc_column width=\u00bb1\/3&#8243;][mk_button size=\u00bblarge\u00bb bg_color=\u00bb#99bf11&#8243;]CONTACTAR ASESOR[\/mk_button][\/vc_column][\/mk_page_section][vc_row][vc_column width=\u00bb1\/2&#8243;][mk_padding_divider size=\u00bb120&#8243; visibility=\u00bbhidden-sm\u00bb][mk_padding_divider size=\u00bb60&#8243; visibility=\u00bbvisible-sm\u00bb][mk_fancy_title color=\u00bb#003164&#8243; size=\u00bb48&#8243; font_weight=\u00bbbold\u00bb [&hellip;]<\/p>\n","protected":false},"author":3,"featured_media":0,"parent":0,"menu_order":0,"comment_status":"closed","ping_status":"closed","template":"","meta":{"footnotes":""},"class_list":["post-5","page","type-page","status-publish","hentry"],"yoast_head":"<!-- This site is optimized with the Yoast SEO plugin v16.0.2 - https:\/\/yoast.com\/wordpress\/plugins\/seo\/ -->\n<title>Home - PREVESA CONCRETOS<\/title>\n<link rel=\"canonical\" href=\"https:\/\/prevesa.co\/\" \/>\n<meta property=\"og:locale\" content=\"es_ES\" \/>\n<meta property=\"og:type\" content=\"article\" \/>\n<meta property=\"og:title\" content=\"Home - PREVESA CONCRETOS\" \/>\n<meta property=\"og:description\" content=\"[mk_page_section bg_position=\u00bbcenter center\u00bb bg_stretch=\u00bbtrue\u00bb bg_video=\u00bbyes\u00bb video_source=\u00bbsocial\u00bb stream_video_id=\u00bbhttps:\/\/youtu.be\/pxH3FnRcuFo\u00bb video_loop=\u00bbfalse\u00bb min_height=\u00bb0&#8243; full_width=\u00bbtrue\u00bb full_height=\u00bbtrue\u00bb padding_top=\u00bb0&#8243; padding_bottom=\u00bb0&#8243; visibility=\u00bbhidden-sm\u00bb sidebar=\u00bbsidebar-1&#8243;][vc_column blend_mode=\u00bbscreen\u00bb][vc_video max_width=\u00bb2000&#8243; link=\u00bbhttps:\/\/youtu.be\/pxH3FnRcuFo\u00bb autoplay=\u00bbtrue\u00bb loop=\u00bbtrue\u00bb hide_controls=\u00bbtrue\u00bb][\/vc_column][\/mk_page_section][mk_page_section bg_color=\u00bb#ffffff\u00bb border_color=\u00bb#ffffff\u00bb bg_position=\u00bbcenter center\u00bb bg_repeat=\u00bbno-repeat\u00bb speed_factor=\u00bb3&#8243; video_color_mask=\u00bb#ffffff\u00bb min_height=\u00bb0&#8243; padding_top=\u00bb0&#8243; padding_bottom=\u00bb0&#8243; bottom_shape_bg_color=\u00bb#ffffff\u00bb visibility=\u00bbhidden-sm\u00bb sidebar=\u00bbsidebar-1&#8243;][vc_column width=\u00bb1\/3&#8243;][mk_button corner_style=\u00bbrounded\u00bb size=\u00bblarge\u00bb bg_color=\u00bb#99bf11&#8243;]COTIZAR CONCRETO[\/mk_button][\/vc_column][vc_column width=\u00bb1\/3&#8243;][mk_button size=\u00bblarge\u00bb bg_color=\u00bb#99bf11&#8243;]CONTACTAR ASESOR[\/mk_button][\/vc_column][vc_column width=\u00bb1\/3&#8243;][mk_button size=\u00bblarge\u00bb bg_color=\u00bb#99bf11&#8243;]CONTACTAR ASESOR[\/mk_button][\/vc_column][\/mk_page_section][vc_row][vc_column width=\u00bb1\/2&#8243;][mk_padding_divider size=\u00bb120&#8243; visibility=\u00bbhidden-sm\u00bb][mk_padding_divider size=\u00bb60&#8243; visibility=\u00bbvisible-sm\u00bb][mk_fancy_title color=\u00bb#003164&#8243; size=\u00bb48&#8243; font_weight=\u00bbbold\u00bb [&hellip;]\" \/>\n<meta property=\"og:url\" content=\"https:\/\/prevesa.co\/\" \/>\n<meta property=\"og:site_name\" content=\"PREVESA CONCRETOS\" \/>\n<meta property=\"article:modified_time\" content=\"2024-08-06T18:23:59+00:00\" \/>\n<meta name=\"twitter:card\" content=\"summary_large_image\" \/>\n<meta name=\"twitter:label1\" content=\"Tiempo de lectura\">\n\t<meta name=\"twitter:data1\" content=\"4 minutos\">\n<script type=\"application\/ld+json\" class=\"yoast-schema-graph\">{\"@context\":\"https:\/\/schema.org\",\"@graph\":[{\"@type\":\"WebSite\",\"@id\":\"https:\/\/prevesa.co\/#website\",\"url\":\"https:\/\/prevesa.co\/\",\"name\":\"PREVESA CONCRETOS\",\"description\":\"LA FUERZA DE SANTANDER\",\"potentialAction\":[{\"@type\":\"SearchAction\",\"target\":\"https:\/\/prevesa.co\/?s={search_term_string}\",\"query-input\":\"required name=search_term_string\"}],\"inLanguage\":\"es\"},{\"@type\":\"WebPage\",\"@id\":\"https:\/\/prevesa.co\/#webpage\",\"url\":\"https:\/\/prevesa.co\/\",\"name\":\"Home - PREVESA CONCRETOS\",\"isPartOf\":{\"@id\":\"https:\/\/prevesa.co\/#website\"},\"datePublished\":\"2015-11-02T15:03:34+00:00\",\"dateModified\":\"2024-08-06T18:23:59+00:00\",\"breadcrumb\":{\"@id\":\"https:\/\/prevesa.co\/#breadcrumb\"},\"inLanguage\":\"es\",\"potentialAction\":[{\"@type\":\"ReadAction\",\"target\":[\"https:\/\/prevesa.co\/\"]}]},{\"@type\":\"BreadcrumbList\",\"@id\":\"https:\/\/prevesa.co\/#breadcrumb\",\"itemListElement\":[{\"@type\":\"ListItem\",\"position\":1,\"item\":{\"@type\":\"WebPage\",\"@id\":\"https:\/\/prevesa.co\/\",\"url\":\"https:\/\/prevesa.co\/\",\"name\":\"Home\"}},{\"@type\":\"ListItem\",\"position\":2,\"item\":{\"@type\":\"WebPage\",\"@id\":\"https:\/\/prevesa.co\/\",\"url\":\"https:\/\/prevesa.co\/\",\"name\":\"Home\"}}]}]}<\/script>\n<!-- \/ Yoast SEO plugin. -->","_links":{"self":[{"href":"https:\/\/prevesa.co\/index.php?rest_route=\/wp\/v2\/pages\/5","targetHints":{"allow":["GET"]}}],"collection":[{"href":"https:\/\/prevesa.co\/index.php?rest_route=\/wp\/v2\/pages"}],"about":[{"href":"https:\/\/prevesa.co\/index.php?rest_route=\/wp\/v2\/types\/page"}],"author":[{"embeddable":true,"href":"https:\/\/prevesa.co\/index.php?rest_route=\/wp\/v2\/users\/3"}],"replies":[{"embeddable":true,"href":"https:\/\/prevesa.co\/index.php?rest_route=%2Fwp%2Fv2%2Fcomments&post=5"}],"version-history":[{"count":48,"href":"https:\/\/prevesa.co\/index.php?rest_route=\/wp\/v2\/pages\/5\/revisions"}],"predecessor-version":[{"id":685,"href":"https:\/\/prevesa.co\/index.php?rest_route=\/wp\/v2\/pages\/5\/revisions\/685"}],"wp:attachment":[{"href":"https:\/\/prevesa.co\/index.php?rest_route=%2Fwp%2Fv2%2Fmedia&parent=5"}],"curies":[{"name":"wp","href":"https:\/\/api.w.org\/{rel}","templated":true}]}}